{"id":6514,"date":"2021-12-24T01:33:23","date_gmt":"2021-12-24T00:33:23","guid":{"rendered":"https:\/\/go-climb.si\/blog\/"},"modified":"2021-12-24T01:33:46","modified_gmt":"2021-12-24T00:33:46","slug":"blog","status":"publish","type":"page","link":"https:\/\/go-climb.si\/en\/blog\/","title":{"rendered":"Blog"},"content":{"rendered":"","protected":false},"excerpt":{"rendered":"","protected":false},"author":1,"featured_media":0,"parent":0,"menu_order":0,"comment_status":"closed","ping_status":"closed","template":"","meta":{"footnotes":""},"class_list":["post-6514","page","type-page","status-publish","hentry"],"yoast_head":"<!-- This site is optimized with the Yoast SEO plugin v17.8 - https:\/\/yoast.com\/wordpress\/plugins\/seo\/ -->\n<title>Blog - GO Climb<\/title>\n<meta name=\"description\" content=\"Nudimo edinstvene plezalne ture v osr\u010dju Kamni\u0161ko-Savinjskih Alp doline Kamni\u0161ke Bistrice, ki ponuja ve\u010d kot 500 plezalnih smeri. Dolina Kamni\u0161ke Bistrice in mesto Kamnik ponujata \u0161e veliko ve\u010d, zato lahko plezalne ture obogatimo z ogledi naravnih znamenitosti, pohodni\u0161tvom, kolesarstvom, kulturnimi dogodki in dedi\u0161\u010dino, lokalno kulinariko, zabavo in wellness ponudbo.\" \/>\n<meta name=\"robots\" content=\"index, follow, max-snippet:-1, max-image-preview:large, max-video-preview:-1\" \/>\n<link rel=\"canonical\" href=\"https:\/\/go-climb.si\/en\/blog\/\" \/>\n<meta property=\"og:locale\" content=\"en_US\" \/>\n<meta property=\"og:type\" content=\"article\" \/>\n<meta property=\"og:title\" content=\"Blog - GO Climb\" \/>\n<meta property=\"og:description\" content=\"Nudimo edinstvene plezalne ture v osr\u010dju Kamni\u0161ko-Savinjskih Alp doline Kamni\u0161ke Bistrice, ki ponuja ve\u010d kot 500 plezalnih smeri. Dolina Kamni\u0161ke Bistrice in mesto Kamnik ponujata \u0161e veliko ve\u010d, zato lahko plezalne ture obogatimo z ogledi naravnih znamenitosti, pohodni\u0161tvom, kolesarstvom, kulturnimi dogodki in dedi\u0161\u010dino, lokalno kulinariko, zabavo in wellness ponudbo.\" \/>\n<meta property=\"og:url\" content=\"https:\/\/go-climb.si\/en\/blog\/\" \/>\n<meta property=\"og:site_name\" content=\"GO Climb\" \/>\n<meta property=\"article:modified_time\" content=\"2021-12-24T00:33:46+00:00\" \/>\n<meta name=\"twitter:card\" content=\"summary_large_image\" \/>\n<script type=\"application\/ld+json\" class=\"yoast-schema-graph\">{\"@context\":\"https:\/\/schema.org\",\"@graph\":[{\"@type\":\"Organization\",\"@id\":\"https:\/\/go-climb.si\/#organization\",\"name\":\"GO Climb Kamnik\",\"url\":\"https:\/\/go-climb.si\/\",\"sameAs\":[],\"logo\":{\"@type\":\"ImageObject\",\"@id\":\"https:\/\/go-climb.si\/#logo\",\"inLanguage\":\"en-US\",\"url\":\"https:\/\/go-climb.si\/wp-content\/uploads\/2021\/12\/GoClimb_LOGO-Kamnik_black.png\",\"contentUrl\":\"https:\/\/go-climb.si\/wp-content\/uploads\/2021\/12\/GoClimb_LOGO-Kamnik_black.png\",\"width\":1182,\"height\":768,\"caption\":\"GO Climb Kamnik\"},\"image\":{\"@id\":\"https:\/\/go-climb.si\/#logo\"}},{\"@type\":\"WebSite\",\"@id\":\"https:\/\/go-climb.si\/#website\",\"url\":\"https:\/\/go-climb.si\/\",\"name\":\"GO Climb\",\"description\":\"Kamnik, mesto na poti k vrhovom\",\"publisher\":{\"@id\":\"https:\/\/go-climb.si\/#organization\"},\"potentialAction\":[{\"@type\":\"SearchAction\",\"target\":{\"@type\":\"EntryPoint\",\"urlTemplate\":\"https:\/\/go-climb.si\/?s={search_term_string}\"},\"query-input\":\"required name=search_term_string\"}],\"inLanguage\":\"en-US\"},{\"@type\":\"WebPage\",\"@id\":\"https:\/\/go-climb.si\/en\/blog\/#webpage\",\"url\":\"https:\/\/go-climb.si\/en\/blog\/\",\"name\":\"Blog - GO Climb\",\"isPartOf\":{\"@id\":\"https:\/\/go-climb.si\/#website\"},\"datePublished\":\"2021-12-24T00:33:23+00:00\",\"dateModified\":\"2021-12-24T00:33:46+00:00\",\"description\":\"Nudimo edinstvene plezalne ture v osr\\u010dju Kamni\\u0161ko-Savinjskih Alp doline Kamni\\u0161ke Bistrice, ki ponuja ve\\u010d kot 500 plezalnih smeri. Dolina Kamni\\u0161ke Bistrice in mesto Kamnik ponujata \\u0161e veliko ve\\u010d, zato lahko plezalne ture obogatimo z ogledi naravnih znamenitosti, pohodni\\u0161tvom, kolesarstvom, kulturnimi dogodki in dedi\\u0161\\u010dino, lokalno kulinariko, zabavo in wellness ponudbo.\",\"breadcrumb\":{\"@id\":\"https:\/\/go-climb.si\/en\/blog\/#breadcrumb\"},\"inLanguage\":\"en-US\",\"potentialAction\":[{\"@type\":\"ReadAction\",\"target\":[\"https:\/\/go-climb.si\/en\/blog\/\"]}]},{\"@type\":\"BreadcrumbList\",\"@id\":\"https:\/\/go-climb.si\/en\/blog\/#breadcrumb\",\"itemListElement\":[{\"@type\":\"ListItem\",\"position\":1,\"name\":\"Home\",\"item\":\"https:\/\/go-climb.si\/en\/\"},{\"@type\":\"ListItem\",\"position\":2,\"name\":\"Blog\"}]}]}<\/script>\n<!-- \/ Yoast SEO plugin. -->","yoast_head_json":{"title":"Blog - GO Climb","description":"Nudimo edinstvene plezalne ture v osr\u010dju Kamni\u0161ko-Savinjskih Alp doline Kamni\u0161ke Bistrice, ki ponuja ve\u010d kot 500 plezalnih smeri. Dolina Kamni\u0161ke Bistrice in mesto Kamnik ponujata \u0161e veliko ve\u010d, zato lahko plezalne ture obogatimo z ogledi naravnih znamenitosti, pohodni\u0161tvom, kolesarstvom, kulturnimi dogodki in dedi\u0161\u010dino, lokalno kulinariko, zabavo in wellness ponudbo.","robots":{"index":"index","follow":"follow","max-snippet":"max-snippet:-1","max-image-preview":"max-image-preview:large","max-video-preview":"max-video-preview:-1"},"canonical":"https:\/\/go-climb.si\/en\/blog\/","og_locale":"en_US","og_type":"article","og_title":"Blog - GO Climb","og_description":"Nudimo edinstvene plezalne ture v osr\u010dju Kamni\u0161ko-Savinjskih Alp doline Kamni\u0161ke Bistrice, ki ponuja ve\u010d kot 500 plezalnih smeri. Dolina Kamni\u0161ke Bistrice in mesto Kamnik ponujata \u0161e veliko ve\u010d, zato lahko plezalne ture obogatimo z ogledi naravnih znamenitosti, pohodni\u0161tvom, kolesarstvom, kulturnimi dogodki in dedi\u0161\u010dino, lokalno kulinariko, zabavo in wellness ponudbo.","og_url":"https:\/\/go-climb.si\/en\/blog\/","og_site_name":"GO Climb","article_modified_time":"2021-12-24T00:33:46+00:00","twitter_card":"summary_large_image","schema":{"@context":"https:\/\/schema.org","@graph":[{"@type":"Organization","@id":"https:\/\/go-climb.si\/#organization","name":"GO Climb Kamnik","url":"https:\/\/go-climb.si\/","sameAs":[],"logo":{"@type":"ImageObject","@id":"https:\/\/go-climb.si\/#logo","inLanguage":"en-US","url":"https:\/\/go-climb.si\/wp-content\/uploads\/2021\/12\/GoClimb_LOGO-Kamnik_black.png","contentUrl":"https:\/\/go-climb.si\/wp-content\/uploads\/2021\/12\/GoClimb_LOGO-Kamnik_black.png","width":1182,"height":768,"caption":"GO Climb Kamnik"},"image":{"@id":"https:\/\/go-climb.si\/#logo"}},{"@type":"WebSite","@id":"https:\/\/go-climb.si\/#website","url":"https:\/\/go-climb.si\/","name":"GO Climb","description":"Kamnik, mesto na poti k vrhovom","publisher":{"@id":"https:\/\/go-climb.si\/#organization"},"potentialAction":[{"@type":"SearchAction","target":{"@type":"EntryPoint","urlTemplate":"https:\/\/go-climb.si\/?s={search_term_string}"},"query-input":"required name=search_term_string"}],"inLanguage":"en-US"},{"@type":"WebPage","@id":"https:\/\/go-climb.si\/en\/blog\/#webpage","url":"https:\/\/go-climb.si\/en\/blog\/","name":"Blog - GO Climb","isPartOf":{"@id":"https:\/\/go-climb.si\/#website"},"datePublished":"2021-12-24T00:33:23+00:00","dateModified":"2021-12-24T00:33:46+00:00","description":"Nudimo edinstvene plezalne ture v osr\u010dju Kamni\u0161ko-Savinjskih Alp doline Kamni\u0161ke Bistrice, ki ponuja ve\u010d kot 500 plezalnih smeri. Dolina Kamni\u0161ke Bistrice in mesto Kamnik ponujata \u0161e veliko ve\u010d, zato lahko plezalne ture obogatimo z ogledi naravnih znamenitosti, pohodni\u0161tvom, kolesarstvom, kulturnimi dogodki in dedi\u0161\u010dino, lokalno kulinariko, zabavo in wellness ponudbo.","breadcrumb":{"@id":"https:\/\/go-climb.si\/en\/blog\/#breadcrumb"},"inLanguage":"en-US","potentialAction":[{"@type":"ReadAction","target":["https:\/\/go-climb.si\/en\/blog\/"]}]},{"@type":"BreadcrumbList","@id":"https:\/\/go-climb.si\/en\/blog\/#breadcrumb","itemListElement":[{"@type":"ListItem","position":1,"name":"Home","item":"https:\/\/go-climb.si\/en\/"},{"@type":"ListItem","position":2,"name":"Blog"}]}]}},"_links":{"self":[{"href":"https:\/\/go-climb.si\/en\/wp-json\/wp\/v2\/pages\/6514","targetHints":{"allow":["GET"]}}],"collection":[{"href":"https:\/\/go-climb.si\/en\/wp-json\/wp\/v2\/pages"}],"about":[{"href":"https:\/\/go-climb.si\/en\/wp-json\/wp\/v2\/types\/page"}],"author":[{"embeddable":true,"href":"https:\/\/go-climb.si\/en\/wp-json\/wp\/v2\/users\/1"}],"replies":[{"embeddable":true,"href":"https:\/\/go-climb.si\/en\/wp-json\/wp\/v2\/comments?post=6514"}],"version-history":[{"count":1,"href":"https:\/\/go-climb.si\/en\/wp-json\/wp\/v2\/pages\/6514\/revisions"}],"predecessor-version":[{"id":6515,"href":"https:\/\/go-climb.si\/en\/wp-json\/wp\/v2\/pages\/6514\/revisions\/6515"}],"wp:attachment":[{"href":"https:\/\/go-climb.si\/en\/wp-json\/wp\/v2\/media?parent=6514"}],"curies":[{"name":"wp","href":"https:\/\/api.w.org\/{rel}","templated":true}]}}